{"id":25,"date":"2011-01-03T09:32:06","date_gmt":"2011-01-03T09:32:06","guid":{"rendered":"http:\/\/www.photodelta.info\/?page_id=25"},"modified":"2020-12-04T15:19:04","modified_gmt":"2020-12-04T15:19:04","slug":"ihre-meinung","status":"publish","type":"page","link":"https:\/\/www.photodelta.de\/?page_id=25","title":{"rendered":"Ihre&nbsp;Meinung"},"content":{"rendered":"<p><img loading=\"lazy\" decoding=\"async\" class=\"alignright  wp-image-78\" title=\"Meinung\" alt=\"\" src=\"http:\/\/www.photodelta.de\/wp-content\/uploads\/2011\/01\/Meinung.png\" width=\"450\" height=\"300\" srcset=\"https:\/\/www.photodelta.de\/wp-content\/uploads\/2011\/01\/Meinung.png 450w, https:\/\/www.photodelta.de\/wp-content\/uploads\/2011\/01\/Meinung-300x200.png 300w\" sizes=\"auto, (max-width: 450px) 100vw, 450px\" \/>Wir wollen einen fairen Markt. Wir glauben, dass sich nur ein fairer Handel langfristig etablieren kann und sich alle Beteiligten dabei gut f\u00fchlen. Bitte denken Sie dar\u00fcber nach, ob auch Sie unser Konzept und die Preisgestaltung f\u00fcr fair halten und sagen Sie uns Ihre Meinung. Wir sind sehr daran interessiert.<\/p>\n<p>Sind sie Fotograf und \u00fcber diese Seiten gestolpert? Dann schreiben Sie uns bitte auch, ob und unter welchen Umst\u00e4nden Sie Ihr Fotomaterial als Halbfertigprodukt einer neuen Vermarktung zuf\u00fchren w\u00fcrden.<\/p>\n<p>Sind Sie Grafiker und interessiert an exklusivem Fotomaterial? Dann schreiben Sie uns bitte auch, welche Fotos Sie interessieren und welche Tools Sie von einer Plattform, die mit Fotos handelt, erwarten.<\/p>\n<p>PhotoDelta lebt von dem Dreieck, das wir zwischen Fotografen, Grafikern und uns bilden. Wir sind beiden partnerschaftlich verpflichtet und m\u00f6chten nicht auf Kosten einer Seite handeln. Wir m\u00f6chten alle Beteiligten zum gegenseitigen Nutzen zusammenbringen. Unser Mittel dazu ist der Dialog. Bitte f\u00fchlen Sie sich dazu eingeladen.<\/p>\n<p>Im Moment ist unsere Firma in der Gr\u00fcndung. Wir programmieren zur Zeit die erforderlichen Datenbanken und Tools. Es ist daher m\u00f6glich, dass wir Ihre Anregung aufgreifen und einarbeiten k\u00f6nnen. Bitte nehmen Sie mit uns Kontakt auf und regen Sie uns an.<\/p>\n","protected":false},"excerpt":{"rendered":"<p>Wir wollen einen fairen Markt. Wir glauben, dass sich nur ein fairer Handel langfristig etablieren kann und sich alle Beteiligten dabei gut f\u00fchlen. Bitte denken Sie dar\u00fcber nach, ob auch Sie unser Konzept und die Preisgestaltung f\u00fcr fair halten und sagen Sie uns Ihre Meinung. Wir sind sehr daran interessiert. Sind sie Fotograf und \u00fcber [&hellip;]<\/p>\n","protected":false},"author":1,"featured_media":0,"parent":0,"menu_order":0,"comment_status":"closed","ping_status":"closed","template":"","meta":{"footnotes":""},"class_list":["post-25","page","type-page","status-publish","hentry"],"_links":{"self":[{"href":"https:\/\/www.photodelta.de\/index.php?rest_route=\/wp\/v2\/pages\/25","targetHints":{"allow":["GET"]}}],"collection":[{"href":"https:\/\/www.photodelta.de\/index.php?rest_route=\/wp\/v2\/pages"}],"about":[{"href":"https:\/\/www.photodelta.de\/index.php?rest_route=\/wp\/v2\/types\/page"}],"author":[{"embeddable":true,"href":"https:\/\/www.photodelta.de\/index.php?rest_route=\/wp\/v2\/users\/1"}],"replies":[{"embeddable":true,"href":"https:\/\/www.photodelta.de\/index.php?rest_route=%2Fwp%2Fv2%2Fcomments&post=25"}],"version-history":[{"count":6,"href":"https:\/\/www.photodelta.de\/index.php?rest_route=\/wp\/v2\/pages\/25\/revisions"}],"predecessor-version":[{"id":175,"href":"https:\/\/www.photodelta.de\/index.php?rest_route=\/wp\/v2\/pages\/25\/revisions\/175"}],"wp:attachment":[{"href":"https:\/\/www.photodelta.de\/index.php?rest_route=%2Fwp%2Fv2%2Fmedia&parent=25"}],"curies":[{"name":"wp","href":"https:\/\/api.w.org\/{rel}","templated":true}]}}