{"id":20,"date":"2011-01-03T09:31:08","date_gmt":"2011-01-03T09:31:08","guid":{"rendered":"http:\/\/www.photodelta.info\/?page_id=20"},"modified":"2022-12-19T11:26:38","modified_gmt":"2022-12-19T11:26:38","slug":"die-anforderungen-der-grafiker","status":"publish","type":"page","link":"https:\/\/www.photodelta.de\/?page_id=20","title":{"rendered":"Die Anforderungen der&nbsp;Grafiker"},"content":{"rendered":"<p><strong><img loading=\"lazy\" decoding=\"async\" class=\"alignright  wp-image-74\" title=\"Grafiker\" alt=\"Grafiker\" src=\"http:\/\/www.photodelta.de\/wp-content\/uploads\/2011\/01\/Grafiker.png\" width=\"350\" height=\"234\" srcset=\"https:\/\/www.photodelta.de\/wp-content\/uploads\/2011\/01\/Grafiker.png 350w, https:\/\/www.photodelta.de\/wp-content\/uploads\/2011\/01\/Grafiker-300x200.png 300w\" sizes=\"auto, (max-width: 350px) 100vw, 350px\" \/>Bildhintergrund.<\/strong><\/p>\n<p>Wer Werbung gestaltet, hat eine Botschaft zu \u00fcbermitteln. Daf\u00fcr braucht er Platz. In den Bildern, die wir vermarkten wollen, sollte mindestens 25% freier Hintergrund sein. \u201eFreier Hintergrund\u201c meint nicht freigestellten Hintergrund, sondern einen fl\u00e4chigen oder unscharfen Hintergrund, der sich als Fl\u00e4che zur Gestaltung von schriftlichen Botschaften eignet. Das findet sich oft bei vielen Fotografien, bevor der Fotograf das Bildmaterial so schneidet, dass sein gew\u00fcnschter Ausschnitt das Bild im gew\u00fcnschten Ma\u00dfe f\u00fcllt. Dank der digitalen Bildbearbeitung ist das kein Problem mehr. Daher nehmen viele Fotografen heute mehr Hintergrund mit auf, um dann den besten Bildausschnitt zu w\u00e4hlen. Im ungeschnitten Material findet sich daher meistens viel Hintergrund. Das sch\u00e4tzen Grafiker.<\/p>\n<p><strong>Rechte am Bild.<\/strong><br \/>\nWer Menschen oder private Geb\u00e4ude \u00f6ffentlich so wiedergibt, dass sie wiedererkennbar sind, braucht dazu ihre Einwilligung. Diese Rechtslage sch\u00fctzt das Recht am eigenen Bild und das ist gut so. Um \u00fcber das aufgenommene Fotomaterial frei verf\u00fcgen zu k\u00f6nnen, empfiehlt es sich daher f\u00fcr jeden Fotografen entsprechende Rechtezusicherungen mit den betroffenen Personen (Models, Eigent\u00fcmern) abzuschlie\u00dfen. Wir haben entsprechende Vertr\u00e4ge f\u00fcr den Model-Release und den Property-Release ausgearbeitet und stellen sie Fotografen, die mit uns zusammenarbeiten, unentgeldlich zur Verf\u00fcgung. Sie sind so abgefasst, dass auch die gewerbliche Nutzung f\u00fcr die Werbung darin eingeschlossen ist. So erwirbt der Fotograf das Recht, die Fotos auch zur gewerblichen Nutzung weiter zu verkaufen. Der Grafiker erh\u00e4lt Rechtssicherheit bez\u00fcglich des verwendeten Materials. So ist beiden geholfen.<\/p>\n<p><strong>Exklusivit\u00e4t.<\/strong><br \/>\nF\u00fcr Grafiker ist es am besten, wenn sie Fotos exklusiv erwerben und nicht f\u00fcr jede weitere Nutzung zur Kasse gebeten werden. Die Exklusivit\u00e4t eines Fotos garantiert ihnen, dass sie das Foto, so wie es ist, verwenden k\u00f6nnen. Eine aufwendige Bildbearbeitung, um es zu einem eigenen k\u00fcnstlerischen Produkt zu machen, kann entfallen. Au\u00dferdem bewahrt es sie und ihre Kunden davor, das gleiche Bild in einer anderen Werbung wieder zu entdecken. In manchen F\u00e4llen l\u00e4sst sich \u00fcber ein exklusives Foto auch eine gewisse Kundenbindung erreichen.<\/p>\n<p><strong>Bezahlbarkeit.<\/strong><br \/>\nDer Preis f\u00fcr ein Foto muss sich in dem Rahmen bewegen, den ein Grafiker \u00fcblicherweise f\u00fcr solche Ausgaben im Budget hat. Leider sind in den letzten Jahren die Budgets in der Werbung eher schmaler als \u00fcppiger geworden. Dennoch kann ein angemessener Preis gezahlt werden, wenn die vorgenannten Bedingungen (Bildhintergrund, Rechte am Bild, Exklusivit\u00e4t) gew\u00e4hrleistet sind.<\/p>\n","protected":false},"excerpt":{"rendered":"<p>Bildhintergrund. Wer Werbung gestaltet, hat eine Botschaft zu \u00fcbermitteln. Daf\u00fcr braucht er Platz. In den Bildern, die wir vermarkten wollen, sollte mindestens 25% freier Hintergrund sein. \u201eFreier Hintergrund\u201c meint nicht freigestellten Hintergrund, sondern einen fl\u00e4chigen oder unscharfen Hintergrund, der sich als Fl\u00e4che zur Gestaltung von schriftlichen Botschaften eignet. Das findet sich oft bei vielen Fotografien, [&hellip;]<\/p>\n","protected":false},"author":1,"featured_media":0,"parent":0,"menu_order":0,"comment_status":"closed","ping_status":"closed","template":"","meta":{"footnotes":""},"class_list":["post-20","page","type-page","status-publish","hentry"],"_links":{"self":[{"href":"https:\/\/www.photodelta.de\/index.php?rest_route=\/wp\/v2\/pages\/20","targetHints":{"allow":["GET"]}}],"collection":[{"href":"https:\/\/www.photodelta.de\/index.php?rest_route=\/wp\/v2\/pages"}],"about":[{"href":"https:\/\/www.photodelta.de\/index.php?rest_route=\/wp\/v2\/types\/page"}],"author":[{"embeddable":true,"href":"https:\/\/www.photodelta.de\/index.php?rest_route=\/wp\/v2\/users\/1"}],"replies":[{"embeddable":true,"href":"https:\/\/www.photodelta.de\/index.php?rest_route=%2Fwp%2Fv2%2Fcomments&post=20"}],"version-history":[{"count":7,"href":"https:\/\/www.photodelta.de\/index.php?rest_route=\/wp\/v2\/pages\/20\/revisions"}],"predecessor-version":[{"id":177,"href":"https:\/\/www.photodelta.de\/index.php?rest_route=\/wp\/v2\/pages\/20\/revisions\/177"}],"wp:attachment":[{"href":"https:\/\/www.photodelta.de\/index.php?rest_route=%2Fwp%2Fv2%2Fmedia&parent=20"}],"curies":[{"name":"wp","href":"https:\/\/api.w.org\/{rel}","templated":true}]}}