{"id":18,"date":"2011-01-03T09:30:21","date_gmt":"2011-01-03T09:30:21","guid":{"rendered":"http:\/\/www.photodelta.info\/?page_id=18"},"modified":"2014-04-08T15:06:41","modified_gmt":"2014-04-08T15:06:41","slug":"die-anforderungen-der-fotografen","status":"publish","type":"page","link":"https:\/\/www.photodelta.de\/?page_id=18","title":{"rendered":"Die Anforderungen der&nbsp;Fotografen"},"content":{"rendered":"<p><strong>Geringer Aufwand.<\/strong><\/p>\n<p><img loading=\"lazy\" decoding=\"async\" class=\"alignright  wp-image-72\" title=\"Fotografen\" alt=\"Fotografen\" src=\"http:\/\/www.photodelta.de\/wp-content\/uploads\/2011\/01\/Fotografen.png\" width=\"400\" height=\"301\" srcset=\"https:\/\/www.photodelta.de\/wp-content\/uploads\/2011\/01\/Fotografen.png 400w, https:\/\/www.photodelta.de\/wp-content\/uploads\/2011\/01\/Fotografen-300x225.png 300w\" sizes=\"auto, (max-width: 400px) 100vw, 400px\" \/>Wir bieten den Fotografen an, ihre Fotos per FTP- Zugang (zum Beispiel \u00fcber Nacht) an uns zu \u00fcbertragen. Da braucht niemand daneben sitzen bleiben. Anschlie\u00dfend bekommen sie von uns ihre \u00fcbertragenen Fotos pr\u00e4sentiert und machen noch einige Angaben zum Bild (z.B. Verschlagwortung). Das darf pro Bild nicht mehr als 2-3 Minuten dauern. Bei Bildern aus einem Shooting, f\u00fcr die die gleichen oder \u00e4hnliche Angaben zum Bild zu machen w\u00e4ren, bieten wir zusammenfassende Dialoge an, die die Verschlagwortung noch einmal deutlich verk\u00fcrzen.<\/p>\n<p><strong>Interessensn\u00e4he.<\/strong><br \/>\nDer Fotograf schickt uns die Fotografien m\u00f6glichst so, wie sie aus seiner Kamera kommen. Wir bevorzugen die RAW-Formate und Kamera-JPGs. Es soll kein weiterer Aufwand betrieben werden, als die Fotos von der Kamera auf unseren Server zu schaufeln und ein paar Angaben dazu zu machen. Damit kann der Fotograf sich wieder auf das Konzentrieren, was er meistens lieber macht: Fotografieren. Wir k\u00fcmmern uns um alles Weitere. Wir formatieren das Material um, erstellen Thumbnails f\u00fcr die schnelle Bilddurchsicht, Layout-Ansichten mit Wasserzeichen, nehmen Eingruppierung in besondere Themengruppen vor, stellen eine Plattform f\u00fcr das Material im Internet zur Verf\u00fcgung, pflegen unsere Server entsprechend den technischen Anforderungen, entwickeln Vermarktungsstrategien, machen Werbung, verkaufen und rechnen ab. Der Fotograf erh\u00e4lt anfang des Folgemonats die Abrechnung und das Geld f\u00fcr alle Verk\u00e4ufe des Vormonats. Mehr hat er nicht zu tun. Er bleibt bei seinem Interesse und \u00fcberl\u00e4sst uns die Vermarktung.<\/p>\n<p><strong>Vorrang der k\u00fcnstlerischen Arbeit.<\/strong><br \/>\nDie von uns gesuchten Bilder sind Take-outs oder anderes Material, das der Fotograf nicht zur eigenen Vermarktung unter seinem Namen nutzen will. Es geht um die nachrangige Nutzung des vorhandenen Bildmaterials. Der Fotograf bietet dies daher nicht als sein \u201eKunstwerk\u201c an, sondern als ein Halbfertigprodukt. Er liefert sozusagen das Rohmaterial, mit dem sich dann der Grafiker weiter besch\u00e4ftigen wird. Seinen Namen braucht der Fotograf daher auch nicht daf\u00fcr hergeben, er kann sein Material anonym bei uns anbieten. Seinen Namen setzt er nach wie vor nur unter die Fotografien, die er als seine Kunstwerke der \u00d6ffentlichkeit vorstellt.<\/p>\n<p><strong>Keine Kosten.<\/strong><br \/>\nF\u00fcr die Vermarktung des Bildmaterials auf der Plattform bei PhotoDelta entstehen dem Fotografen bei uns keine Kosten. Er muss lediglich daf\u00fcr sorgen, dass die Fotos von einem Rechner aus zu uns geladen und ein paar Angaben gemacht werden. Daf\u00fcr muss er bei uns angemeldet sein und unsere AGBs akzeptieren. Auch dies ist f\u00fcr ihn ohne Kosten. Wir erhalten nur Geld bei einem Bildverkauf als Provision. Unsere maximale Provision betr\u00e4gt 50%, die minimale 20%. Wird nichts verkauft, bleibt auch dies immer f\u00fcr den Fotografen kostenfrei.<br \/>\nNat\u00fcrlich k\u00f6nnen auch die Grafiker v\u00f6llig kostenfrei bei uns in den Bildarchiven st\u00f6bern. Wir werden ausschlie\u00dflich \u00fcber die Provision bei einem Bildverkauf bezahlt.<\/p>\n","protected":false},"excerpt":{"rendered":"<p>Geringer Aufwand. Wir bieten den Fotografen an, ihre Fotos per FTP- Zugang (zum Beispiel \u00fcber Nacht) an uns zu \u00fcbertragen. Da braucht niemand daneben sitzen bleiben. Anschlie\u00dfend bekommen sie von uns ihre \u00fcbertragenen Fotos pr\u00e4sentiert und machen noch einige Angaben zum Bild (z.B. Verschlagwortung). Das darf pro Bild nicht mehr als 2-3 Minuten dauern. Bei [&hellip;]<\/p>\n","protected":false},"author":1,"featured_media":0,"parent":0,"menu_order":0,"comment_status":"open","ping_status":"open","template":"","meta":{"footnotes":""},"class_list":["post-18","page","type-page","status-publish","hentry"],"_links":{"self":[{"href":"https:\/\/www.photodelta.de\/index.php?rest_route=\/wp\/v2\/pages\/18","targetHints":{"allow":["GET"]}}],"collection":[{"href":"https:\/\/www.photodelta.de\/index.php?rest_route=\/wp\/v2\/pages"}],"about":[{"href":"https:\/\/www.photodelta.de\/index.php?rest_route=\/wp\/v2\/types\/page"}],"author":[{"embeddable":true,"href":"https:\/\/www.photodelta.de\/index.php?rest_route=\/wp\/v2\/users\/1"}],"replies":[{"embeddable":true,"href":"https:\/\/www.photodelta.de\/index.php?rest_route=%2Fwp%2Fv2%2Fcomments&post=18"}],"version-history":[{"count":6,"href":"https:\/\/www.photodelta.de\/index.php?rest_route=\/wp\/v2\/pages\/18\/revisions"}],"predecessor-version":[{"id":159,"href":"https:\/\/www.photodelta.de\/index.php?rest_route=\/wp\/v2\/pages\/18\/revisions\/159"}],"wp:attachment":[{"href":"https:\/\/www.photodelta.de\/index.php?rest_route=%2Fwp%2Fv2%2Fmedia&parent=18"}],"curies":[{"name":"wp","href":"https:\/\/api.w.org\/{rel}","templated":true}]}}