{"id":15,"date":"2011-01-03T09:29:34","date_gmt":"2011-01-03T09:29:34","guid":{"rendered":"http:\/\/www.photodelta.info\/?page_id=15"},"modified":"2020-12-04T11:33:49","modified_gmt":"2020-12-04T11:33:49","slug":"die-idee","status":"publish","type":"page","link":"https:\/\/www.photodelta.de\/?page_id=15","title":{"rendered":"Die&nbsp;Idee"},"content":{"rendered":"<p><img loading=\"lazy\" decoding=\"async\" class=\"alignright  wp-image-76\" title=\"Idee\" alt=\"Idee\" src=\"http:\/\/www.photodelta.de\/wp-content\/uploads\/2011\/01\/Idee.png\" width=\"352\" height=\"400\" srcset=\"https:\/\/www.photodelta.de\/wp-content\/uploads\/2011\/01\/Idee.png 352w, https:\/\/www.photodelta.de\/wp-content\/uploads\/2011\/01\/Idee-264x300.png 264w\" sizes=\"auto, (max-width: 352px) 100vw, 352px\" \/>Was Grafiker br\u00e4uchten, ist bezahbares Rohmaterial an Fotografien. Ohne nachtr\u00e4gliche Bearbeitungen, das k\u00f6nnen sie selber.<\/p>\n<p>Was Fotografen br\u00e4uchten, ist ein zus\u00e4tzliche Einnahmequelle zu ihrer Arbeit als K\u00fcnstler. Sie verf\u00fcgen \u00fcber gen\u00fcgend Material, das sie nicht in einer Erstverwertung als &#8222;Kunst&#8220; nutzen. Es fehlt an einer Zweitverwertung des \u00fcbrigen Materials.<\/p>\n<p>Unsere Idee ist, diese beiden zusammen zu bringen. Was der Grafiker braucht, hat der Fotograf schon l\u00e4ngst in seiner Kamera: Es sind die 95 Fotos vom letzten Shooting, die ungenutzt blieben. Vielleicht sind da ein paar Fotos dabei, die sich f\u00fcr die weitere Nutzung durch Grafiker f\u00fcr Werbezwecke eignen.<\/p>\n<p>Wir m\u00f6chten Fotografien vermarkten, die als Take-outs \u00fcbrig bleiben, die keine k\u00fcnstlerische Verwendung finden. Sie k\u00f6nnen als Halbfertigprodukte gehandelt werden. Der Fotograf soll sich keine weitere Arbeit damit machen und die Fotografien so, wie sie aus der Kamera kommen, weitergeben. Wir sind also durchaus an RAW-Formaten interessiert. Der Grafiker bearbeitet das Material weiter und erwirbt das uneingeschr\u00e4nkte Verwertungsrecht daran. Daf\u00fcr muss dem Fotografen ein angemessener Preis gezahlt werden.<\/p>\n<p>Die Fotografien m\u00fcssen zus\u00e4tzlich ein paar Bedingungen erf\u00fcllen, die Grafiker an die Bilder haben. Und die Nutzungsverwertung muss ein paar Bedingungen erf\u00fcllen, welche die Fotografen haben.<\/p>\n","protected":false},"excerpt":{"rendered":"<p>Was Grafiker br\u00e4uchten, ist bezahbares Rohmaterial an Fotografien. Ohne nachtr\u00e4gliche Bearbeitungen, das k\u00f6nnen sie selber. Was Fotografen br\u00e4uchten, ist ein zus\u00e4tzliche Einnahmequelle zu ihrer Arbeit als K\u00fcnstler. Sie verf\u00fcgen \u00fcber gen\u00fcgend Material, das sie nicht in einer Erstverwertung als &#8222;Kunst&#8220; nutzen. Es fehlt an einer Zweitverwertung des \u00fcbrigen Materials. Unsere Idee ist, diese beiden zusammen [&hellip;]<\/p>\n","protected":false},"author":1,"featured_media":0,"parent":0,"menu_order":0,"comment_status":"closed","ping_status":"closed","template":"","meta":{"footnotes":""},"class_list":["post-15","page","type-page","status-publish","hentry"],"_links":{"self":[{"href":"https:\/\/www.photodelta.de\/index.php?rest_route=\/wp\/v2\/pages\/15","targetHints":{"allow":["GET"]}}],"collection":[{"href":"https:\/\/www.photodelta.de\/index.php?rest_route=\/wp\/v2\/pages"}],"about":[{"href":"https:\/\/www.photodelta.de\/index.php?rest_route=\/wp\/v2\/types\/page"}],"author":[{"embeddable":true,"href":"https:\/\/www.photodelta.de\/index.php?rest_route=\/wp\/v2\/users\/1"}],"replies":[{"embeddable":true,"href":"https:\/\/www.photodelta.de\/index.php?rest_route=%2Fwp%2Fv2%2Fcomments&post=15"}],"version-history":[{"count":7,"href":"https:\/\/www.photodelta.de\/index.php?rest_route=\/wp\/v2\/pages\/15\/revisions"}],"predecessor-version":[{"id":174,"href":"https:\/\/www.photodelta.de\/index.php?rest_route=\/wp\/v2\/pages\/15\/revisions\/174"}],"wp:attachment":[{"href":"https:\/\/www.photodelta.de\/index.php?rest_route=%2Fwp%2Fv2%2Fmedia&parent=15"}],"curies":[{"name":"wp","href":"https:\/\/api.w.org\/{rel}","templated":true}]}}