{"id":10,"date":"2011-01-03T09:28:08","date_gmt":"2011-01-03T09:28:08","guid":{"rendered":"http:\/\/www.photodelta.info\/?page_id=10"},"modified":"2014-04-08T15:07:48","modified_gmt":"2014-04-08T15:07:48","slug":"das-dilemma","status":"publish","type":"page","link":"https:\/\/www.photodelta.de\/?page_id=10","title":{"rendered":"Das&nbsp;Dilemma"},"content":{"rendered":"<p><img loading=\"lazy\" decoding=\"async\" class=\"alignright  wp-image-88\" title=\"Dilemma\" alt=\"Dilemma\" src=\"http:\/\/www.photodelta.de\/wp-content\/uploads\/2011\/01\/Dilemma1.png\" width=\"400\" height=\"345\" srcset=\"https:\/\/www.photodelta.de\/wp-content\/uploads\/2011\/01\/Dilemma1.png 400w, https:\/\/www.photodelta.de\/wp-content\/uploads\/2011\/01\/Dilemma1-300x258.png 300w\" sizes=\"auto, (max-width: 400px) 100vw, 400px\" \/>Grafiker gestalten Werbung. Dazu brauchen Sie Material. Worte sind Freeware und stehen ihnen zur freien Verf\u00fcgung. Anderes muss hinzugenommen und bezahlt werden. Zum Beispiel Fotos mit ansprechenden Farben, aussagekr\u00e4ftigen Szenen, kraftvollen Momenten. Die ganze Palette lebendiger Darstellungen kann n\u00fctzen, Werbung zu gestalten.<\/p>\n<p>Fotos bekommt man in der Regel nur noch als Lizenz. Entweder bei Billiganbietern f\u00fcr ein paar Cent als Royalty-Free-Ware, oder bei Stockfotoh\u00e4ndlern f\u00fcr teures Geld und begrenzten Nutzungen. Beides hat einen Nachteil: Es ist nicht exklusiv. Jeder kann es erwerben und es ebenso f\u00fcr die Gestaltung seiner Werbung nutzen.<\/p>\n<p>Daher bearbeitet der Grafiker das erworbene Foto in der Regel und schafft eine eigene k\u00fcnstlerische Arbeit. Damit erwirbt er ein eigenes Urheberrecht, wenn es sich von anderen Arbeiten hinreichend unterscheidet. Das kostet Zeit. Welcher Kunde ist bereit, die Recherche nach Fotos und die anschlie\u00dfende aufwendige Bearbeitung zu bezahlen? Das Dilemma des Grafikers: Die Verwendung von Fotos kostet ihn Zeit, die er oft nicht bezahlt bekommt.<\/p>\n<p>Fotografen schaffen Kunst. Sie betrachten die Welt durch den Sucher ihrer Kamera und halten Perspektiven fest. Sie nutzen N\u00e4he und Distanz, Sch\u00e4rfe und Unsch\u00e4rfe, Licht und Schatten. Immer auf der Suche nach einem gelungenen Foto.<\/p>\n<p>Viele Fotos gelingen nicht. Sie n\u00e4hern sich an, treffen aber nicht ganz das, was gewollt wird. Bei so manchem Shooting sind f\u00fcnf gelungene Fotos dabei und hundert sind in der Kamera. Nur diese f\u00fcnf gen\u00fcgen den k\u00fcnstlerischen Anspr\u00fcchen des Fotografen. Sie werden pr\u00e4sentiert, m\u00f6glicherweise zum Verkauf angeboten. Wo finden sich K\u00e4ufer, die bereit sind, einen Preis zu zahlen, der den Kosten und dem Aufwand des gesamten Shootings angemessen ist? Die meisten Fotografen zahlen dabei drauf. Ihr Dilemma: Ihre Kosten sind h\u00f6her als die zu verkaufende Ausbeute, die wiederum keinen angemessenen Preis auf dem freien Markt erzielt.<\/p>\n","protected":false},"excerpt":{"rendered":"<p>Grafiker gestalten Werbung. Dazu brauchen Sie Material. Worte sind Freeware und stehen ihnen zur freien Verf\u00fcgung. Anderes muss hinzugenommen und bezahlt werden. Zum Beispiel Fotos mit ansprechenden Farben, aussagekr\u00e4ftigen Szenen, kraftvollen Momenten. Die ganze Palette lebendiger Darstellungen kann n\u00fctzen, Werbung zu gestalten. Fotos bekommt man in der Regel nur noch als Lizenz. Entweder bei Billiganbietern [&hellip;]<\/p>\n","protected":false},"author":1,"featured_media":0,"parent":0,"menu_order":0,"comment_status":"closed","ping_status":"closed","template":"","meta":{"footnotes":""},"class_list":["post-10","page","type-page","status-publish","hentry"],"_links":{"self":[{"href":"https:\/\/www.photodelta.de\/index.php?rest_route=\/wp\/v2\/pages\/10","targetHints":{"allow":["GET"]}}],"collection":[{"href":"https:\/\/www.photodelta.de\/index.php?rest_route=\/wp\/v2\/pages"}],"about":[{"href":"https:\/\/www.photodelta.de\/index.php?rest_route=\/wp\/v2\/types\/page"}],"author":[{"embeddable":true,"href":"https:\/\/www.photodelta.de\/index.php?rest_route=\/wp\/v2\/users\/1"}],"replies":[{"embeddable":true,"href":"https:\/\/www.photodelta.de\/index.php?rest_route=%2Fwp%2Fv2%2Fcomments&post=10"}],"version-history":[{"count":7,"href":"https:\/\/www.photodelta.de\/index.php?rest_route=\/wp\/v2\/pages\/10\/revisions"}],"predecessor-version":[{"id":160,"href":"https:\/\/www.photodelta.de\/index.php?rest_route=\/wp\/v2\/pages\/10\/revisions\/160"}],"wp:attachment":[{"href":"https:\/\/www.photodelta.de\/index.php?rest_route=%2Fwp%2Fv2%2Fmedia&parent=10"}],"curies":[{"name":"wp","href":"https:\/\/api.w.org\/{rel}","templated":true}]}}